{"id":2954,"date":"2022-03-24T13:58:59","date_gmt":"2022-03-24T12:58:59","guid":{"rendered":"https:\/\/www.psicologaduelomadrid.es\/?page_id=2954"},"modified":"2022-10-17T15:46:22","modified_gmt":"2022-10-17T14:46:22","slug":"terapia-por-ruptura-emocional","status":"publish","type":"page","link":"https:\/\/www.psicologaduelomadrid.es\/?page_id=2954","title":{"rendered":"Terapia por ruptura emocional"},"content":{"rendered":"<p>[et_pb_section fb_built=\u00bb1&#8243; _builder_version=\u00bb4.16&#8243; _module_preset=\u00bbdefault\u00bb background_color=\u00bb#167152&#8243; background_enable_image=\u00bboff\u00bb custom_padding=\u00bb17px||17px||true|false\u00bb background_last_edited=\u00bbon|phone\u00bb background_image_phone=\u00bbhttp:\/\/www.psicologaduelomadrid.es\/wp-content\/uploads\/2022\/03\/pilar2.jpg\u00bb background_enable_image_phone=\u00bbon\u00bb background_size_phone=\u00bbcover\u00bb background_position_phone=\u00bbbottom_left\u00bb global_colors_info=\u00bb{}\u00bb][et_pb_row column_structure=\u00bb3_5,2_5&#8243; _builder_version=\u00bb4.16&#8243; _module_preset=\u00bbdefault\u00bb global_colors_info=\u00bb{}\u00bb][et_pb_column type=\u00bb3_5&#8243; _builder_version=\u00bb4.16&#8243; _module_preset=\u00bbdefault\u00bb global_colors_info=\u00bb{}\u00bb][et_pb_text content_tablet=\u00bb<\/p>\n<h1>Psic\u00f3loga especialista en duelo por muerte, rupturas de pareja<\/h1>\n<p>\u00bb content_phone=\u00bb<\/p>\n<h1>Psic\u00f3loga especialista<br \/>en duelo<\/h1>\n<p>\u00bb content_last_edited=\u00bbon|phone\u00bb _builder_version=\u00bb4.16&#8243; _module_preset=\u00bbdefault\u00bb header_font=\u00bbRaleway|700|||||||\u00bb header_text_color=\u00bb#FFFFFF\u00bb header_font_size=\u00bb59px\u00bb custom_margin=\u00bb0px||||false|false\u00bb custom_padding=\u00bb26px||||false|false\u00bb header_font_size_tablet=\u00bb59px\u00bb header_font_size_phone=\u00bb36px\u00bb header_font_size_last_edited=\u00bbon|phone\u00bb global_colors_info=\u00bb{}\u00bb]<\/p>\n<h1>Terapia por ruptura emocional<\/h1>\n<p>[\/et_pb_text][\/et_pb_column][et_pb_column type=\u00bb2_5&#8243; _builder_version=\u00bb4.16&#8243; _module_preset=\u00bbdefault\u00bb global_colors_info=\u00bb{}\u00bb][\/et_pb_column][\/et_pb_row][\/et_pb_section][et_pb_section fb_built=\u00bb1&#8243; _builder_version=\u00bb4.16&#8243; _module_preset=\u00bbdefault\u00bb global_colors_info=\u00bb{}\u00bb][et_pb_row column_structure=\u00bb1_2,1_2&#8243; _builder_version=\u00bb4.16&#8243; _module_preset=\u00bbdefault\u00bb global_colors_info=\u00bb{}\u00bb][et_pb_column type=\u00bb1_2&#8243; _builder_version=\u00bb4.16&#8243; _module_preset=\u00bbdefault\u00bb global_colors_info=\u00bb{}\u00bb][et_pb_text _builder_version=\u00bb4.16&#8243; _module_preset=\u00bbdefault\u00bb header_font=\u00bbRaleway|700|||||||\u00bb header_text_align=\u00bbleft\u00bb header_text_color=\u00bb#FFFFFF\u00bb header_font_size=\u00bb59px\u00bb header_2_font=\u00bbRaleway|700|||||||\u00bb header_2_text_align=\u00bbleft\u00bb header_2_font_size=\u00bb46px\u00bb custom_margin=\u00bb||||false|false\u00bb global_colors_info=\u00bb{}\u00bb]<\/p>\n<h2><strong>Un ruptura emocional se da en cualquier edad y etapa de la vida<\/strong><\/h2>\n<p>[\/et_pb_text][et_pb_divider color=\u00bb#467253&#8243; divider_weight=\u00bb7px\u00bb _builder_version=\u00bb4.16&#8243; _module_preset=\u00bbdefault\u00bb width=\u00bb9%\u00bb module_alignment=\u00bbleft\u00bb global_colors_info=\u00bb{}\u00bb][\/et_pb_divider][et_pb_text _builder_version=\u00bb4.16&#8243; _module_preset=\u00bbdefault\u00bb text_font_size=\u00bb19px\u00bb header_font=\u00bbRaleway|700|||||||\u00bb header_text_color=\u00bb#FFFFFF\u00bb header_font_size=\u00bb59px\u00bb header_2_font=\u00bbRaleway||||||||\u00bb header_2_text_align=\u00bbcenter\u00bb header_2_font_size=\u00bb25px\u00bb custom_margin=\u00bb-10px|||||\u00bb global_colors_info=\u00bb{}\u00bb]<\/p>\n<p>Es la reacci\u00f3n muy dolorosa que se sucede a <strong>la separaci\u00f3n forzosa<\/strong> de un ser querido o una situaci\u00f3n.<\/p>\n<p>Puede ser la ruptura de un primer amor.<\/p>\n<p>Un cambio o p\u00e9rdida de trabajo. Un cambio de ciudad o pa\u00eds.<\/p>\n<p>[\/et_pb_text][\/et_pb_column][et_pb_column type=\u00bb1_2&#8243; _builder_version=\u00bb4.16&#8243; _module_preset=\u00bbdefault\u00bb global_colors_info=\u00bb{}\u00bb][et_pb_image src=\u00bbhttp:\/\/www.psicologaduelomadrid.es\/wp-content\/uploads\/2022\/03\/pexels-andrew-neel-3132388.jpg\u00bb title_text=\u00bbpexels-andrew-neel-3132388&#8243; _builder_version=\u00bb4.16&#8243; _module_preset=\u00bbdefault\u00bb global_colors_info=\u00bb{}\u00bb][\/et_pb_image][\/et_pb_column][\/et_pb_row][\/et_pb_section][et_pb_section fb_built=\u00bb1&#8243; _builder_version=\u00bb4.16&#8243; _module_preset=\u00bbdefault\u00bb background_color=\u00bb#167152&#8243; locked=\u00bboff\u00bb global_colors_info=\u00bb{}\u00bb theme_builder_area=\u00bbpost_content\u00bb][et_pb_row column_structure=\u00bb1_2,1_2&#8243; _builder_version=\u00bb4.16&#8243; _module_preset=\u00bbdefault\u00bb global_colors_info=\u00bb{}\u00bb theme_builder_area=\u00bbpost_content\u00bb][et_pb_column type=\u00bb1_2&#8243; _builder_version=\u00bb4.16&#8243; _module_preset=\u00bbdefault\u00bb global_colors_info=\u00bb{}\u00bb theme_builder_area=\u00bbpost_content\u00bb][et_pb_text _builder_version=\u00bb4.16&#8243; _module_preset=\u00bbdefault\u00bb header_font=\u00bbRaleway|700|||||||\u00bb header_text_align=\u00bbleft\u00bb header_text_color=\u00bb#FFFFFF\u00bb header_font_size=\u00bb59px\u00bb header_2_font=\u00bbRaleway|700|||||||\u00bb header_2_text_align=\u00bbleft\u00bb header_2_text_color=\u00bb#FFFFFF\u00bb header_2_font_size=\u00bb34px\u00bb custom_margin=\u00bb||||false|false\u00bb global_colors_info=\u00bb{}\u00bb theme_builder_area=\u00bbpost_content\u00bb]<\/p>\n<h2>Si necesitas ayuda profesional, completa este formulario y me pongo en contacto contigo<\/h2>\n<p>[\/et_pb_text][et_pb_contact_form captcha=\u00bboff\u00bb email=\u00bbpiferpeces@gmail.com\u00bb success_message=\u00bbTu mensaje se envi\u00f3n con \u00e9xito\u00bb _builder_version=\u00bb4.17.4&#8243; _module_preset=\u00bbdefault\u00bb _unique_id=\u00bb8d82a338-1a5d-4e5f-8c76-e7cec49d0b1a\u00bb custom_button=\u00bbon\u00bb button_text_color=\u00bb#FFFFFF\u00bb global_colors_info=\u00bb{}\u00bb button_text_color__hover_enabled=\u00bbon|hover\u00bb button_text_color__hover=\u00bb#FFFFFF\u00bb theme_builder_area=\u00bbpost_content\u00bb][et_pb_contact_field field_id=\u00bbName\u00bb field_title=\u00bbNombre\u00bb _builder_version=\u00bb4.16&#8243; global_colors_info=\u00bb{}\u00bb button_text_size__hover_enabled=\u00bboff\u00bb button_one_text_size__hover_enabled=\u00bboff\u00bb button_two_text_size__hover_enabled=\u00bboff\u00bb button_text_color__hover_enabled=\u00bboff\u00bb button_one_text_color__hover_enabled=\u00bboff\u00bb button_two_text_color__hover_enabled=\u00bboff\u00bb button_border_width__hover_enabled=\u00bboff\u00bb button_one_border_width__hover_enabled=\u00bboff\u00bb button_two_border_width__hover_enabled=\u00bboff\u00bb button_border_color__hover_enabled=\u00bboff\u00bb button_one_border_color__hover_enabled=\u00bboff\u00bb button_two_border_color__hover_enabled=\u00bboff\u00bb button_border_radius__hover_enabled=\u00bboff\u00bb button_one_border_radius__hover_enabled=\u00bboff\u00bb button_two_border_radius__hover_enabled=\u00bboff\u00bb button_letter_spacing__hover_enabled=\u00bboff\u00bb button_one_letter_spacing__hover_enabled=\u00bboff\u00bb button_two_letter_spacing__hover_enabled=\u00bboff\u00bb button_bg_color__hover_enabled=\u00bboff\u00bb button_one_bg_color__hover_enabled=\u00bboff\u00bb button_two_bg_color__hover_enabled=\u00bboff\u00bb theme_builder_area=\u00bbpost_content\u00bb][\/et_pb_contact_field][et_pb_contact_field field_id=\u00bbEmail\u00bb field_title=\u00bbDirecci\u00f3n de correo electr\u00f3nico\u00bb field_type=\u00bbemail\u00bb _builder_version=\u00bb4.16&#8243; global_colors_info=\u00bb{}\u00bb button_text_size__hover_enabled=\u00bboff\u00bb button_one_text_size__hover_enabled=\u00bboff\u00bb button_two_text_size__hover_enabled=\u00bboff\u00bb button_text_color__hover_enabled=\u00bboff\u00bb button_one_text_color__hover_enabled=\u00bboff\u00bb button_two_text_color__hover_enabled=\u00bboff\u00bb button_border_width__hover_enabled=\u00bboff\u00bb button_one_border_width__hover_enabled=\u00bboff\u00bb button_two_border_width__hover_enabled=\u00bboff\u00bb button_border_color__hover_enabled=\u00bboff\u00bb button_one_border_color__hover_enabled=\u00bboff\u00bb button_two_border_color__hover_enabled=\u00bboff\u00bb button_border_radius__hover_enabled=\u00bboff\u00bb button_one_border_radius__hover_enabled=\u00bboff\u00bb button_two_border_radius__hover_enabled=\u00bboff\u00bb button_letter_spacing__hover_enabled=\u00bboff\u00bb button_one_letter_spacing__hover_enabled=\u00bboff\u00bb button_two_letter_spacing__hover_enabled=\u00bboff\u00bb button_bg_color__hover_enabled=\u00bboff\u00bb button_one_bg_color__hover_enabled=\u00bboff\u00bb button_two_bg_color__hover_enabled=\u00bboff\u00bb theme_builder_area=\u00bbpost_content\u00bb][\/et_pb_contact_field][et_pb_contact_field field_id=\u00bbMessage\u00bb field_title=\u00bbMensaje\u00bb field_type=\u00bbtext\u00bb fullwidth_field=\u00bbon\u00bb _builder_version=\u00bb4.16&#8243; global_colors_info=\u00bb{}\u00bb button_text_size__hover_enabled=\u00bboff\u00bb button_one_text_size__hover_enabled=\u00bboff\u00bb button_two_text_size__hover_enabled=\u00bboff\u00bb button_text_color__hover_enabled=\u00bboff\u00bb button_one_text_color__hover_enabled=\u00bboff\u00bb button_two_text_color__hover_enabled=\u00bboff\u00bb button_border_width__hover_enabled=\u00bboff\u00bb button_one_border_width__hover_enabled=\u00bboff\u00bb button_two_border_width__hover_enabled=\u00bboff\u00bb button_border_color__hover_enabled=\u00bboff\u00bb button_one_border_color__hover_enabled=\u00bboff\u00bb button_two_border_color__hover_enabled=\u00bboff\u00bb button_border_radius__hover_enabled=\u00bboff\u00bb button_one_border_radius__hover_enabled=\u00bboff\u00bb button_two_border_radius__hover_enabled=\u00bboff\u00bb button_letter_spacing__hover_enabled=\u00bboff\u00bb button_one_letter_spacing__hover_enabled=\u00bboff\u00bb button_two_letter_spacing__hover_enabled=\u00bboff\u00bb button_bg_color__hover_enabled=\u00bboff\u00bb button_one_bg_color__hover_enabled=\u00bboff\u00bb button_two_bg_color__hover_enabled=\u00bboff\u00bb theme_builder_area=\u00bbpost_content\u00bb][\/et_pb_contact_field][et_pb_contact_field field_id=\u00bbPoliticas\u00bb field_title=\u00bb \u00bb field_type=\u00bbcheckbox\u00bb checkbox_options=\u00bb%91{%22value%22:%22He le\u00eddo y acepto las pol\u00edticas de privacidad del sitio web %22,%22checked%22:0,%22dragID%22:-1,%22link_url%22:%22https:\/\/www.psicologaduelomadrid.es\/politica-privacidad\/%22}%93&#8243; fullwidth_field=\u00bbon\u00bb _builder_version=\u00bb4.17.4&#8243; _module_preset=\u00bbdefault\u00bb form_field_text_color=\u00bb#000000&#8243; global_colors_info=\u00bb{}\u00bb theme_builder_area=\u00bbpost_content\u00bb][\/et_pb_contact_field][\/et_pb_contact_form][\/et_pb_column][et_pb_column type=\u00bb1_2&#8243; _builder_version=\u00bb4.16&#8243; _module_preset=\u00bbdefault\u00bb global_colors_info=\u00bb{}\u00bb theme_builder_area=\u00bbpost_content\u00bb][et_pb_text _builder_version=\u00bb4.17.4&#8243; _module_preset=\u00bbdefault\u00bb header_font=\u00bbRaleway|700|||||||\u00bb header_text_align=\u00bbleft\u00bb header_text_color=\u00bb#FFFFFF\u00bb header_font_size=\u00bb59px\u00bb header_2_font=\u00bbRaleway|700|||||||\u00bb header_2_text_align=\u00bbleft\u00bb header_2_text_color=\u00bb#FFFFFF\u00bb header_2_font_size=\u00bb34px\u00bb custom_margin=\u00bb||||false|false\u00bb global_colors_info=\u00bb{}\u00bb theme_builder_area=\u00bbpost_content\u00bb]<\/p>\n<h2>Tel\u00e9fono: +34 617 436 432<\/p>\n<p>Mail: piferpeces@gmail.com<\/h2>\n<p>[\/et_pb_text][\/et_pb_column][\/et_pb_row][\/et_pb_section]<\/p>\n","protected":false},"excerpt":{"rendered":"<p>Terapia por ruptura emocionalUn ruptura emocional se da en cualquier edad y etapa de la vidaEs la reacci\u00f3n muy dolorosa que se sucede a la separaci\u00f3n forzosa de un ser querido o una situaci\u00f3n. Puede ser la ruptura de un primer amor. Un cambio o p\u00e9rdida de trabajo. Un cambio de ciudad o pa\u00eds.Si necesitas [&hellip;]<\/p>\n","protected":false},"author":1,"featured_media":0,"parent":0,"menu_order":0,"comment_status":"closed","ping_status":"closed","template":"","meta":{"_et_pb_use_builder":"on","_et_pb_old_content":"","_et_gb_content_width":"","content-type":"","_joinchat":[],"footnotes":""},"class_list":["post-2954","page","type-page","status-publish","hentry"],"yoast_head":"<!-- This site is optimized with the Yoast SEO plugin v26.0 - https:\/\/yoast.com\/wordpress\/plugins\/seo\/ -->\n<title>Terapia por ruptura emocional - Pilar Fern\u00e1ndez Peces<\/title>\n<meta name=\"robots\" content=\"index, follow, max-snippet:-1, max-image-preview:large, max-video-preview:-1\" \/>\n<link rel=\"canonical\" href=\"https:\/\/www.psicologaduelomadrid.es\/?page_id=2954\" \/>\n<meta property=\"og:locale\" content=\"es_ES\" \/>\n<meta property=\"og:type\" content=\"article\" \/>\n<meta property=\"og:title\" content=\"Terapia por ruptura emocional - Pilar Fern\u00e1ndez Peces\" \/>\n<meta property=\"og:description\" content=\"Terapia por ruptura emocionalUn ruptura emocional se da en cualquier edad y etapa de la vidaEs la reacci\u00f3n muy dolorosa que se sucede a la separaci\u00f3n forzosa de un ser querido o una situaci\u00f3n. Puede ser la ruptura de un primer amor. Un cambio o p\u00e9rdida de trabajo. Un cambio de ciudad o pa\u00eds.Si necesitas [&hellip;]\" \/>\n<meta property=\"og:url\" content=\"https:\/\/www.psicologaduelomadrid.es\/?page_id=2954\" \/>\n<meta property=\"og:site_name\" content=\"Pilar Fern\u00e1ndez Peces\" \/>\n<meta property=\"article:modified_time\" content=\"2022-10-17T14:46:22+00:00\" \/>\n<meta name=\"twitter:card\" content=\"summary_large_image\" \/>\n<script type=\"application\/ld+json\" class=\"yoast-schema-graph\">{\"@context\":\"https:\/\/schema.org\",\"@graph\":[{\"@type\":\"WebPage\",\"@id\":\"https:\/\/www.psicologaduelomadrid.es\/?page_id=2954\",\"url\":\"https:\/\/www.psicologaduelomadrid.es\/?page_id=2954\",\"name\":\"Terapia por ruptura emocional - Pilar Fern\u00e1ndez Peces\",\"isPartOf\":{\"@id\":\"https:\/\/www.psicologaduelomadrid.es\/#website\"},\"datePublished\":\"2022-03-24T12:58:59+00:00\",\"dateModified\":\"2022-10-17T14:46:22+00:00\",\"breadcrumb\":{\"@id\":\"https:\/\/www.psicologaduelomadrid.es\/?page_id=2954#breadcrumb\"},\"inLanguage\":\"es\",\"potentialAction\":[{\"@type\":\"ReadAction\",\"target\":[\"https:\/\/www.psicologaduelomadrid.es\/?page_id=2954\"]}]},{\"@type\":\"BreadcrumbList\",\"@id\":\"https:\/\/www.psicologaduelomadrid.es\/?page_id=2954#breadcrumb\",\"itemListElement\":[{\"@type\":\"ListItem\",\"position\":1,\"name\":\"Portada\",\"item\":\"https:\/\/www.psicologaduelomadrid.es\/\"},{\"@type\":\"ListItem\",\"position\":2,\"name\":\"Terapia por ruptura emocional\"}]},{\"@type\":\"WebSite\",\"@id\":\"https:\/\/www.psicologaduelomadrid.es\/#website\",\"url\":\"https:\/\/www.psicologaduelomadrid.es\/\",\"name\":\"Pilar Fern\u00e1ndez Peces\",\"description\":\"PSICOLOG\u00cdA\",\"potentialAction\":[{\"@type\":\"SearchAction\",\"target\":{\"@type\":\"EntryPoint\",\"urlTemplate\":\"https:\/\/www.psicologaduelomadrid.es\/?s={search_term_string}\"},\"query-input\":{\"@type\":\"PropertyValueSpecification\",\"valueRequired\":true,\"valueName\":\"search_term_string\"}}],\"inLanguage\":\"es\"}]}<\/script>\n<!-- \/ Yoast SEO plugin. -->","yoast_head_json":{"title":"Terapia por ruptura emocional - Pilar Fern\u00e1ndez Peces","robots":{"index":"index","follow":"follow","max-snippet":"max-snippet:-1","max-image-preview":"max-image-preview:large","max-video-preview":"max-video-preview:-1"},"canonical":"https:\/\/www.psicologaduelomadrid.es\/?page_id=2954","og_locale":"es_ES","og_type":"article","og_title":"Terapia por ruptura emocional - Pilar Fern\u00e1ndez Peces","og_description":"Terapia por ruptura emocionalUn ruptura emocional se da en cualquier edad y etapa de la vidaEs la reacci\u00f3n muy dolorosa que se sucede a la separaci\u00f3n forzosa de un ser querido o una situaci\u00f3n. Puede ser la ruptura de un primer amor. Un cambio o p\u00e9rdida de trabajo. Un cambio de ciudad o pa\u00eds.Si necesitas [&hellip;]","og_url":"https:\/\/www.psicologaduelomadrid.es\/?page_id=2954","og_site_name":"Pilar Fern\u00e1ndez Peces","article_modified_time":"2022-10-17T14:46:22+00:00","twitter_card":"summary_large_image","schema":{"@context":"https:\/\/schema.org","@graph":[{"@type":"WebPage","@id":"https:\/\/www.psicologaduelomadrid.es\/?page_id=2954","url":"https:\/\/www.psicologaduelomadrid.es\/?page_id=2954","name":"Terapia por ruptura emocional - Pilar Fern\u00e1ndez Peces","isPartOf":{"@id":"https:\/\/www.psicologaduelomadrid.es\/#website"},"datePublished":"2022-03-24T12:58:59+00:00","dateModified":"2022-10-17T14:46:22+00:00","breadcrumb":{"@id":"https:\/\/www.psicologaduelomadrid.es\/?page_id=2954#breadcrumb"},"inLanguage":"es","potentialAction":[{"@type":"ReadAction","target":["https:\/\/www.psicologaduelomadrid.es\/?page_id=2954"]}]},{"@type":"BreadcrumbList","@id":"https:\/\/www.psicologaduelomadrid.es\/?page_id=2954#breadcrumb","itemListElement":[{"@type":"ListItem","position":1,"name":"Portada","item":"https:\/\/www.psicologaduelomadrid.es\/"},{"@type":"ListItem","position":2,"name":"Terapia por ruptura emocional"}]},{"@type":"WebSite","@id":"https:\/\/www.psicologaduelomadrid.es\/#website","url":"https:\/\/www.psicologaduelomadrid.es\/","name":"Pilar Fern\u00e1ndez Peces","description":"PSICOLOG\u00cdA","potentialAction":[{"@type":"SearchAction","target":{"@type":"EntryPoint","urlTemplate":"https:\/\/www.psicologaduelomadrid.es\/?s={search_term_string}"},"query-input":{"@type":"PropertyValueSpecification","valueRequired":true,"valueName":"search_term_string"}}],"inLanguage":"es"}]}},"_links":{"self":[{"href":"https:\/\/www.psicologaduelomadrid.es\/index.php?rest_route=\/wp\/v2\/pages\/2954","targetHints":{"allow":["GET"]}}],"collection":[{"href":"https:\/\/www.psicologaduelomadrid.es\/index.php?rest_route=\/wp\/v2\/pages"}],"about":[{"href":"https:\/\/www.psicologaduelomadrid.es\/index.php?rest_route=\/wp\/v2\/types\/page"}],"author":[{"embeddable":true,"href":"https:\/\/www.psicologaduelomadrid.es\/index.php?rest_route=\/wp\/v2\/users\/1"}],"replies":[{"embeddable":true,"href":"https:\/\/www.psicologaduelomadrid.es\/index.php?rest_route=%2Fwp%2Fv2%2Fcomments&post=2954"}],"version-history":[{"count":6,"href":"https:\/\/www.psicologaduelomadrid.es\/index.php?rest_route=\/wp\/v2\/pages\/2954\/revisions"}],"predecessor-version":[{"id":3023,"href":"https:\/\/www.psicologaduelomadrid.es\/index.php?rest_route=\/wp\/v2\/pages\/2954\/revisions\/3023"}],"wp:attachment":[{"href":"https:\/\/www.psicologaduelomadrid.es\/index.php?rest_route=%2Fwp%2Fv2%2Fmedia&parent=2954"}],"curies":[{"name":"wp","href":"https:\/\/api.w.org\/{rel}","templated":true}]}}