{"id":2894,"date":"2022-03-01T15:37:26","date_gmt":"2022-03-01T14:37:26","guid":{"rendered":"https:\/\/www.psicologaduelomadrid.es\/?page_id=2894"},"modified":"2022-10-17T15:29:43","modified_gmt":"2022-10-17T14:29:43","slug":"inicio","status":"publish","type":"page","link":"https:\/\/www.psicologaduelomadrid.es\/","title":{"rendered":"Inicio"},"content":{"rendered":"<p>[et_pb_section fb_built=\u00bb1&#8243; _builder_version=\u00bb4.16&#8243; _module_preset=\u00bbdefault\u00bb background_image=\u00bbhttp:\/\/www.psicologaduelomadrid.es\/wp-content\/uploads\/2016\/03\/pilar-slider-1.jpg\u00bb custom_padding=\u00bb154px||154px||true|false\u00bb background_last_edited=\u00bbon|phone\u00bb background_image_phone=\u00bbhttp:\/\/www.psicologaduelomadrid.es\/wp-content\/uploads\/2022\/03\/pilar2.jpg\u00bb background_enable_image_phone=\u00bbon\u00bb background_size_phone=\u00bbcover\u00bb background_position_phone=\u00bbbottom_left\u00bb global_colors_info=\u00bb{}\u00bb][et_pb_row column_structure=\u00bb3_5,2_5&#8243; _builder_version=\u00bb4.16&#8243; _module_preset=\u00bbdefault\u00bb global_colors_info=\u00bb{}\u00bb][et_pb_column type=\u00bb3_5&#8243; _builder_version=\u00bb4.16&#8243; _module_preset=\u00bbdefault\u00bb global_colors_info=\u00bb{}\u00bb][et_pb_text content_tablet=\u00bb<\/p>\n<h1>Psic\u00f3loga especialista en duelo por muerte, rupturas de pareja<\/h1>\n<p>\u00bb content_phone=\u00bb<\/p>\n<h1>Psic\u00f3loga especialista<br \/>en duelo<\/h1>\n<p>\u00bb content_last_edited=\u00bbon|phone\u00bb _builder_version=\u00bb4.16&#8243; _module_preset=\u00bbdefault\u00bb header_font=\u00bbRaleway|700|||||||\u00bb header_text_color=\u00bb#FFFFFF\u00bb header_font_size=\u00bb59px\u00bb custom_margin=\u00bb34px||||false|false\u00bb custom_padding=\u00bb180px||||false|false\u00bb header_font_size_tablet=\u00bb59px\u00bb header_font_size_phone=\u00bb36px\u00bb header_font_size_last_edited=\u00bbon|phone\u00bb global_colors_info=\u00bb{}\u00bb]<\/p>\n<h1>Psic\u00f3loga especialista en duelo por muerte, rupturas de pareja<\/h1>\n<p>[\/et_pb_text][et_pb_button button_url=\u00bb#\u00bb button_text=\u00bbte escucho\u00bb _builder_version=\u00bb4.16&#8243; _module_preset=\u00bbdefault\u00bb custom_button=\u00bbon\u00bb button_text_color=\u00bb#FFFFFF\u00bb button_border_radius=\u00bb37px\u00bb global_colors_info=\u00bb{}\u00bb][\/et_pb_button][\/et_pb_column][et_pb_column type=\u00bb2_5&#8243; _builder_version=\u00bb4.16&#8243; _module_preset=\u00bbdefault\u00bb global_colors_info=\u00bb{}\u00bb][\/et_pb_column][\/et_pb_row][\/et_pb_section][et_pb_section fb_built=\u00bb1&#8243; _builder_version=\u00bb4.17.4&#8243; _module_preset=\u00bbdefault\u00bb global_colors_info=\u00bb{}\u00bb][et_pb_row column_structure=\u00bb1_2,1_2&#8243; _builder_version=\u00bb4.17.4&#8243; _module_preset=\u00bbdefault\u00bb global_colors_info=\u00bb{}\u00bb][et_pb_column type=\u00bb1_2&#8243; _builder_version=\u00bb4.17.4&#8243; _module_preset=\u00bbdefault\u00bb global_colors_info=\u00bb{}\u00bb][et_pb_code _builder_version=\u00bb4.17.4&#8243; _module_preset=\u00bbdefault\u00bb global_colors_info=\u00bb{}\u00bb]<a id=\"zl-url\" class=\"zl-url\" href=\"https:\/\/www.doctoralia.es\/pilar-fernandez-peces\/psicologo-psicologo-infantil\/madrid\" rel=\"nofollow\" data-zlw-doctor=\"pilar-fernandez-peces\" data-zlw-type=\"big_with_calendar\" data-zlw-opinion=\"false\" data-zlw-hide-branding=\"true\">Pilar Fernandez Peces &#8211; Doctoralia.es<\/a><script>!function($_x,_s,id){var js,fjs=$_x.getElementsByTagName(_s)[0];if(!$_x.getElementById(id)){js = $_x.createElement(_s);js.id = id;js.src = \"\/\/platform.docplanner.com\/js\/widget.js\";fjs.parentNode.insertBefore(js,fjs);}}(document,\"script\",\"zl-widget-s\");<\/script><!-- [et_pb_line_break_holder] -->[\/et_pb_code][\/et_pb_column][et_pb_column type=\u00bb1_2&#8243; _builder_version=\u00bb4.17.4&#8243; _module_preset=\u00bbdefault\u00bb global_colors_info=\u00bb{}\u00bb][et_pb_text _builder_version=\u00bb4.17.4&#8243; _module_preset=\u00bbdefault\u00bb header_font=\u00bbRaleway|700|||||||\u00bb header_text_align=\u00bbleft\u00bb header_text_color=\u00bb#FFFFFF\u00bb header_font_size=\u00bb59px\u00bb header_2_font=\u00bbRaleway|700|||||||\u00bb header_2_text_align=\u00bbleft\u00bb header_2_font_size=\u00bb46px\u00bb custom_margin=\u00bb||7px|||\u00bb global_colors_info=\u00bb{}\u00bb]<\/p>\n<h2>Reservar cita Presencial u online<\/h2>\n<p>[\/et_pb_text][et_pb_text _builder_version=\u00bb4.17.4&#8243; _module_preset=\u00bbdefault\u00bb header_font=\u00bbRaleway|700|||||||\u00bb header_text_align=\u00bbleft\u00bb header_text_color=\u00bb#FFFFFF\u00bb header_font_size=\u00bb59px\u00bb header_2_font=\u00bbRaleway||||||||\u00bb header_2_text_align=\u00bbleft\u00bb header_2_font_size=\u00bb25px\u00bb custom_margin=\u00bb||||false|false\u00bb hover_enabled=\u00bb0&#8243; global_colors_info=\u00bb{}\u00bb sticky_enabled=\u00bb0&#8243;]<\/p>\n<h2>De manera f\u00e1cil y sencilla puedes reservar tu cita, para mantener una consulta conmigo.<\/h2>\n<p>[\/et_pb_text][\/et_pb_column][\/et_pb_row][\/et_pb_section][et_pb_section fb_built=\u00bb1&#8243; _builder_version=\u00bb4.16&#8243; _module_preset=\u00bbdefault\u00bb global_colors_info=\u00bb{}\u00bb][et_pb_row _builder_version=\u00bb4.16&#8243; _module_preset=\u00bbdefault\u00bb global_colors_info=\u00bb{}\u00bb][et_pb_column type=\u00bb4_4&#8243; _builder_version=\u00bb4.16&#8243; _module_preset=\u00bbdefault\u00bb global_colors_info=\u00bb{}\u00bb][et_pb_text _builder_version=\u00bb4.16&#8243; _module_preset=\u00bbdefault\u00bb header_font=\u00bbRaleway|700|||||||\u00bb header_text_color=\u00bb#FFFFFF\u00bb header_font_size=\u00bb59px\u00bb header_2_font=\u00bbRaleway|700|||||||\u00bb header_2_text_align=\u00bbcenter\u00bb header_2_font_size=\u00bb46px\u00bb custom_margin=\u00bb||7px|||\u00bb global_colors_info=\u00bb{}\u00bb]<\/p>\n<h2>Servicios que te puedo ofrecer<\/h2>\n<p>[\/et_pb_text][et_pb_divider color=\u00bb#467253&#8243; divider_weight=\u00bb7px\u00bb _builder_version=\u00bb4.16&#8243; _module_preset=\u00bbdefault\u00bb width=\u00bb9%\u00bb module_alignment=\u00bbcenter\u00bb global_colors_info=\u00bb{}\u00bb][\/et_pb_divider][et_pb_text _builder_version=\u00bb4.16&#8243; _module_preset=\u00bbdefault\u00bb header_font=\u00bbRaleway|700|||||||\u00bb header_text_color=\u00bb#FFFFFF\u00bb header_font_size=\u00bb59px\u00bb header_2_font=\u00bbRaleway||||||||\u00bb header_2_text_align=\u00bbcenter\u00bb header_2_font_size=\u00bb25px\u00bb custom_margin=\u00bb-33px|||||\u00bb global_colors_info=\u00bb{}\u00bb]<\/p>\n<h2>Ayudo a personas que han sufrido una p\u00e9rdida,<br \/>ni\u00f1os, adolescentes, adultos y adultos mayores a superar sus dificultades<\/h2>\n<p>[\/et_pb_text][\/et_pb_column][\/et_pb_row][et_pb_row column_structure=\u00bb1_3,1_3,1_3&#8243; _builder_version=\u00bb4.16&#8243; _module_preset=\u00bbdefault\u00bb global_colors_info=\u00bb{}\u00bb][et_pb_column type=\u00bb1_3&#8243; _builder_version=\u00bb4.16&#8243; _module_preset=\u00bbdefault\u00bb global_colors_info=\u00bb{}\u00bb][et_pb_blurb title=\u00bbTerapia de duelo\u00bb image=\u00bbhttp:\/\/www.psicologaduelomadrid.es\/wp-content\/uploads\/2022\/03\/pexels-cottonbro-10499702.jpg\u00bb _builder_version=\u00bb4.16&#8243; _module_preset=\u00bbdefault\u00bb header_font=\u00bbRaleway|700|||||||\u00bb header_font_size=\u00bb35px\u00bb global_colors_info=\u00bb{}\u00bb][\/et_pb_blurb][\/et_pb_column][et_pb_column type=\u00bb1_3&#8243; _builder_version=\u00bb4.16&#8243; _module_preset=\u00bbdefault\u00bb global_colors_info=\u00bb{}\u00bb][et_pb_blurb title=\u00bbTerapia de pareja\u00bb image=\u00bbhttp:\/\/www.psicologaduelomadrid.es\/wp-content\/uploads\/2022\/03\/pexels-vera-arsic-984949.jpg\u00bb _builder_version=\u00bb4.16&#8243; _module_preset=\u00bbdefault\u00bb header_font=\u00bbRaleway|700|||||||\u00bb header_font_size=\u00bb35px\u00bb global_colors_info=\u00bb{}\u00bb][\/et_pb_blurb][\/et_pb_column][et_pb_column type=\u00bb1_3&#8243; _builder_version=\u00bb4.16&#8243; _module_preset=\u00bbdefault\u00bb global_colors_info=\u00bb{}\u00bb][et_pb_blurb title=\u00bbTerapia por ruptura emocional\u00bb image=\u00bbhttp:\/\/www.psicologaduelomadrid.es\/wp-content\/uploads\/2022\/03\/pexels-engin-akyurt-1458826.jpg\u00bb _builder_version=\u00bb4.16&#8243; _module_preset=\u00bbdefault\u00bb header_font=\u00bbRaleway|700|||||||\u00bb header_font_size=\u00bb35px\u00bb global_colors_info=\u00bb{}\u00bb][\/et_pb_blurb][\/et_pb_column][\/et_pb_row][\/et_pb_section][et_pb_section fb_built=\u00bb1&#8243; _builder_version=\u00bb4.16&#8243; _module_preset=\u00bbdefault\u00bb global_colors_info=\u00bb{}\u00bb][et_pb_row _builder_version=\u00bb4.16&#8243; _module_preset=\u00bbdefault\u00bb global_colors_info=\u00bb{}\u00bb][et_pb_column type=\u00bb4_4&#8243; _builder_version=\u00bb4.16&#8243; _module_preset=\u00bbdefault\u00bb global_colors_info=\u00bb{}\u00bb][et_pb_text _builder_version=\u00bb4.16&#8243; _module_preset=\u00bbdefault\u00bb header_font=\u00bbRaleway|700|||||||\u00bb header_text_color=\u00bb#FFFFFF\u00bb header_font_size=\u00bb59px\u00bb header_2_font=\u00bbRaleway|700|||||||\u00bb header_2_text_align=\u00bbcenter\u00bb header_2_font_size=\u00bb46px\u00bb custom_margin=\u00bb||7px|||\u00bb global_colors_info=\u00bb{}\u00bb]<\/p>\n<h2>\u00c1rea de acci\u00f3n<\/h2>\n<p>[\/et_pb_text][et_pb_divider color=\u00bb#467253&#8243; divider_weight=\u00bb7px\u00bb _builder_version=\u00bb4.16&#8243; _module_preset=\u00bbdefault\u00bb width=\u00bb9%\u00bb module_alignment=\u00bbcenter\u00bb global_colors_info=\u00bb{}\u00bb][\/et_pb_divider][et_pb_text _builder_version=\u00bb4.16&#8243; _module_preset=\u00bbdefault\u00bb header_font=\u00bbRaleway|700|||||||\u00bb header_text_color=\u00bb#FFFFFF\u00bb header_font_size=\u00bb59px\u00bb header_2_font=\u00bbRaleway||||||||\u00bb header_2_text_align=\u00bbcenter\u00bb header_2_font_size=\u00bb25px\u00bb custom_margin=\u00bb-33px|||||\u00bb global_colors_info=\u00bb{}\u00bb]<\/p>\n<h2>Psic\u00f3loga | Psicoterapeuta | Especializada en duelo | Muerte de un familiar | P\u00e9rdida de la pareja | Final de vida | Duelo por accidente | Trauma | Angustia | Depresi\u00f3n | Ansiedad |<\/h2>\n<p>[\/et_pb_text][\/et_pb_column][\/et_pb_row][\/et_pb_section][et_pb_section fb_built=\u00bb1&#8243; _builder_version=\u00bb4.16&#8243; _module_preset=\u00bbdefault\u00bb background_color=\u00bb#f2f2f2&#8243; global_colors_info=\u00bb{}\u00bb][et_pb_row _builder_version=\u00bb4.16&#8243; _module_preset=\u00bbdefault\u00bb global_colors_info=\u00bb{}\u00bb][et_pb_column type=\u00bb4_4&#8243; _builder_version=\u00bb4.16&#8243; _module_preset=\u00bbdefault\u00bb global_colors_info=\u00bb{}\u00bb][et_pb_text _builder_version=\u00bb4.16&#8243; _module_preset=\u00bbdefault\u00bb header_font=\u00bbRaleway|700|||||||\u00bb header_text_color=\u00bb#FFFFFF\u00bb header_font_size=\u00bb59px\u00bb header_2_font=\u00bbRaleway||||||||\u00bb header_2_text_align=\u00bbcenter\u00bb header_2_font_size=\u00bb44px\u00bb custom_margin=\u00bb||7px|||\u00bb global_colors_info=\u00bb{}\u00bb]<\/p>\n<h2>Art\u00edculos del blog<\/h2>\n<p>[\/et_pb_text][\/et_pb_column][\/et_pb_row][et_pb_row _builder_version=\u00bb4.16&#8243; _module_preset=\u00bbdefault\u00bb global_colors_info=\u00bb{}\u00bb][et_pb_column type=\u00bb4_4&#8243; _builder_version=\u00bb4.16&#8243; _module_preset=\u00bbdefault\u00bb global_colors_info=\u00bb{}\u00bb][et_pb_blog fullwidth=\u00bboff\u00bb posts_number=\u00bb3&#8243; _builder_version=\u00bb4.16&#8243; _module_preset=\u00bbdefault\u00bb global_colors_info=\u00bb{}\u00bb][\/et_pb_blog][\/et_pb_column][\/et_pb_row][\/et_pb_section]<\/p>\n","protected":false},"excerpt":{"rendered":"<p>Psic\u00f3loga especialista en duelo por muerte, rupturas de parejaReservar cita Presencial u onlineDe manera f\u00e1cil y sencilla puedes reservar tu cita, para mantener una consulta conmigo.Servicios que te puedo ofrecerAyudo a personas que han sufrido una p\u00e9rdida,ni\u00f1os, adolescentes, adultos y adultos mayores a superar sus dificultades\u00c1rea de acci\u00f3nPsic\u00f3loga | Psicoterapeuta | Especializada en duelo | [&hellip;]<\/p>\n","protected":false},"author":1,"featured_media":0,"parent":0,"menu_order":0,"comment_status":"closed","ping_status":"closed","template":"","meta":{"_et_pb_use_builder":"on","_et_pb_old_content":"<!-- wp:divi\/placeholder \/-->","_et_gb_content_width":"","content-type":"","_joinchat":[],"footnotes":""},"class_list":["post-2894","page","type-page","status-publish","hentry"],"yoast_head":"<!-- This site is optimized with the Yoast SEO plugin v26.0 - https:\/\/yoast.com\/wordpress\/plugins\/seo\/ -->\n<title>Psic\u00f3loga especialista en duelo por muerte, rupturas de pareja<\/title>\n<meta name=\"description\" content=\"Pilar Fern\u00e1ndez Peces, Psic\u00f3loga especialista en duelo por muerte, rupturas de pareja con metodolog\u00eda activa.\" \/>\n<meta name=\"robots\" content=\"index, follow, max-snippet:-1, max-image-preview:large, max-video-preview:-1\" \/>\n<link rel=\"canonical\" href=\"https:\/\/www.psicologaduelomadrid.es\/\" \/>\n<meta property=\"og:locale\" content=\"es_ES\" \/>\n<meta property=\"og:type\" content=\"article\" \/>\n<meta property=\"og:title\" content=\"Psic\u00f3loga especialista en duelo por muerte, rupturas de pareja\" \/>\n<meta property=\"og:description\" content=\"Pilar Fern\u00e1ndez Peces, Psic\u00f3loga especialista en duelo por muerte, rupturas de pareja con metodolog\u00eda activa.\" \/>\n<meta property=\"og:url\" content=\"https:\/\/www.psicologaduelomadrid.es\/\" \/>\n<meta property=\"og:site_name\" content=\"Pilar Fern\u00e1ndez Peces\" \/>\n<meta property=\"article:modified_time\" content=\"2022-10-17T14:29:43+00:00\" \/>\n<meta name=\"twitter:card\" content=\"summary_large_image\" \/>\n<meta name=\"twitter:label1\" content=\"Tiempo de lectura\" \/>\n\t<meta name=\"twitter:data1\" content=\"2 minutos\" \/>\n<script type=\"application\/ld+json\" class=\"yoast-schema-graph\">{\"@context\":\"https:\/\/schema.org\",\"@graph\":[{\"@type\":\"WebPage\",\"@id\":\"https:\/\/www.psicologaduelomadrid.es\/\",\"url\":\"https:\/\/www.psicologaduelomadrid.es\/\",\"name\":\"Psic\u00f3loga especialista en duelo por muerte, rupturas de pareja\",\"isPartOf\":{\"@id\":\"https:\/\/www.psicologaduelomadrid.es\/#website\"},\"datePublished\":\"2022-03-01T14:37:26+00:00\",\"dateModified\":\"2022-10-17T14:29:43+00:00\",\"description\":\"Pilar Fern\u00e1ndez Peces, Psic\u00f3loga especialista en duelo por muerte, rupturas de pareja con metodolog\u00eda activa.\",\"breadcrumb\":{\"@id\":\"https:\/\/www.psicologaduelomadrid.es\/#breadcrumb\"},\"inLanguage\":\"es\",\"potentialAction\":[{\"@type\":\"ReadAction\",\"target\":[\"https:\/\/www.psicologaduelomadrid.es\/\"]}]},{\"@type\":\"BreadcrumbList\",\"@id\":\"https:\/\/www.psicologaduelomadrid.es\/#breadcrumb\",\"itemListElement\":[{\"@type\":\"ListItem\",\"position\":1,\"name\":\"Portada\",\"item\":\"https:\/\/www.psicologaduelomadrid.es\/\"},{\"@type\":\"ListItem\",\"position\":2,\"name\":\"Inicio\"}]},{\"@type\":\"WebSite\",\"@id\":\"https:\/\/www.psicologaduelomadrid.es\/#website\",\"url\":\"https:\/\/www.psicologaduelomadrid.es\/\",\"name\":\"Pilar Fern\u00e1ndez Peces\",\"description\":\"PSICOLOG\u00cdA\",\"potentialAction\":[{\"@type\":\"SearchAction\",\"target\":{\"@type\":\"EntryPoint\",\"urlTemplate\":\"https:\/\/www.psicologaduelomadrid.es\/?s={search_term_string}\"},\"query-input\":{\"@type\":\"PropertyValueSpecification\",\"valueRequired\":true,\"valueName\":\"search_term_string\"}}],\"inLanguage\":\"es\"}]}<\/script>\n<!-- \/ Yoast SEO plugin. -->","yoast_head_json":{"title":"Psic\u00f3loga especialista en duelo por muerte, rupturas de pareja","description":"Pilar Fern\u00e1ndez Peces, Psic\u00f3loga especialista en duelo por muerte, rupturas de pareja con metodolog\u00eda activa.","robots":{"index":"index","follow":"follow","max-snippet":"max-snippet:-1","max-image-preview":"max-image-preview:large","max-video-preview":"max-video-preview:-1"},"canonical":"https:\/\/www.psicologaduelomadrid.es\/","og_locale":"es_ES","og_type":"article","og_title":"Psic\u00f3loga especialista en duelo por muerte, rupturas de pareja","og_description":"Pilar Fern\u00e1ndez Peces, Psic\u00f3loga especialista en duelo por muerte, rupturas de pareja con metodolog\u00eda activa.","og_url":"https:\/\/www.psicologaduelomadrid.es\/","og_site_name":"Pilar Fern\u00e1ndez Peces","article_modified_time":"2022-10-17T14:29:43+00:00","twitter_card":"summary_large_image","twitter_misc":{"Tiempo de lectura":"2 minutos"},"schema":{"@context":"https:\/\/schema.org","@graph":[{"@type":"WebPage","@id":"https:\/\/www.psicologaduelomadrid.es\/","url":"https:\/\/www.psicologaduelomadrid.es\/","name":"Psic\u00f3loga especialista en duelo por muerte, rupturas de pareja","isPartOf":{"@id":"https:\/\/www.psicologaduelomadrid.es\/#website"},"datePublished":"2022-03-01T14:37:26+00:00","dateModified":"2022-10-17T14:29:43+00:00","description":"Pilar Fern\u00e1ndez Peces, Psic\u00f3loga especialista en duelo por muerte, rupturas de pareja con metodolog\u00eda activa.","breadcrumb":{"@id":"https:\/\/www.psicologaduelomadrid.es\/#breadcrumb"},"inLanguage":"es","potentialAction":[{"@type":"ReadAction","target":["https:\/\/www.psicologaduelomadrid.es\/"]}]},{"@type":"BreadcrumbList","@id":"https:\/\/www.psicologaduelomadrid.es\/#breadcrumb","itemListElement":[{"@type":"ListItem","position":1,"name":"Portada","item":"https:\/\/www.psicologaduelomadrid.es\/"},{"@type":"ListItem","position":2,"name":"Inicio"}]},{"@type":"WebSite","@id":"https:\/\/www.psicologaduelomadrid.es\/#website","url":"https:\/\/www.psicologaduelomadrid.es\/","name":"Pilar Fern\u00e1ndez Peces","description":"PSICOLOG\u00cdA","potentialAction":[{"@type":"SearchAction","target":{"@type":"EntryPoint","urlTemplate":"https:\/\/www.psicologaduelomadrid.es\/?s={search_term_string}"},"query-input":{"@type":"PropertyValueSpecification","valueRequired":true,"valueName":"search_term_string"}}],"inLanguage":"es"}]}},"_links":{"self":[{"href":"https:\/\/www.psicologaduelomadrid.es\/index.php?rest_route=\/wp\/v2\/pages\/2894","targetHints":{"allow":["GET"]}}],"collection":[{"href":"https:\/\/www.psicologaduelomadrid.es\/index.php?rest_route=\/wp\/v2\/pages"}],"about":[{"href":"https:\/\/www.psicologaduelomadrid.es\/index.php?rest_route=\/wp\/v2\/types\/page"}],"author":[{"embeddable":true,"href":"https:\/\/www.psicologaduelomadrid.es\/index.php?rest_route=\/wp\/v2\/users\/1"}],"replies":[{"embeddable":true,"href":"https:\/\/www.psicologaduelomadrid.es\/index.php?rest_route=%2Fwp%2Fv2%2Fcomments&post=2894"}],"version-history":[{"count":26,"href":"https:\/\/www.psicologaduelomadrid.es\/index.php?rest_route=\/wp\/v2\/pages\/2894\/revisions"}],"predecessor-version":[{"id":3012,"href":"https:\/\/www.psicologaduelomadrid.es\/index.php?rest_route=\/wp\/v2\/pages\/2894\/revisions\/3012"}],"wp:attachment":[{"href":"https:\/\/www.psicologaduelomadrid.es\/index.php?rest_route=%2Fwp%2Fv2%2Fmedia&parent=2894"}],"curies":[{"name":"wp","href":"https:\/\/api.w.org\/{rel}","templated":true}]}}